{"id":1623,"date":"2026-04-29T08:11:48","date_gmt":"2026-04-29T08:11:48","guid":{"rendered":"https:\/\/enfocat-terapiavisual.com\/cat\/?page_id=1623"},"modified":"2026-04-29T08:13:53","modified_gmt":"2026-04-29T08:13:53","slug":"politica-de-cookies","status":"publish","type":"page","link":"https:\/\/enfocat-terapiavisual.com\/cat\/politica-de-cookies\/","title":{"rendered":"Pol\u00edtica de Cookies"},"content":{"rendered":"\t\t<div data-elementor-type=\"wp-page\" data-elementor-id=\"1623\" class=\"elementor elementor-1623\" data-elementor-post-type=\"page\">\n\t\t\t\t<div class=\"elementor-element elementor-element-e636f79 e-flex e-con-boxed e-con e-parent\" data-id=\"e636f79\" data-element_type=\"container\" data-e-type=\"container\">\n\t\t\t\t\t<div class=\"e-con-inner\">\n\t\t\t\t<div class=\"elementor-element elementor-element-ec1d0b6 elementor-widget elementor-widget-text-editor\" data-id=\"ec1d0b6\" data-element_type=\"widget\" data-e-type=\"widget\" data-widget_type=\"text-editor.default\">\n\t\t\t\t<div class=\"elementor-widget-container\">\n\t\t\t\t\t\t\t\t\t<h1>Pol\u00edtica de Cookies<\/h1><h2>INFORMACI\u00d3 DE COOKIES:<\/h2><p>Les cookies s\u00f3n arxius que es poden descarregar en el seu equip a trav\u00e9s de les p\u00e0gines web. S\u00f3n eines que tenen un paper essencial per a la prestaci\u00f3 de nombrosos serveis de la societat de la informaci\u00f3. Entre altres, permeten a una p\u00e0gina web emmagatzemar i recuperar<br \/>informaci\u00f3 sobre els h\u00e0bits de navegaci\u00f3 d&#8217;un usuari o del seu equip i, depenent de la informaci\u00f3 obtinguda, es poden utilitzar per a recon\u00e8ixer a l&#8217;usuari i millorar el servei ofert.<\/p><h2>TIPUS DE COOKIES:<\/h2><p>Segons qui sigui l&#8217;entitat que gestioni el domini des d&#8217;on s&#8217;envien les cookies i tracti les dades que s&#8217;obtinguin es poden distingir dos tipus: cookies pr\u00f2pies i cookies de tercers.<br \/>Existeix tamb\u00e9 una segona classificaci\u00f3 segons el termini de temps que romanen emmagatzemades en el navegador del client, podent tractar-se de cookies de sessi\u00f3 o cookies persistents.<br \/>Finalment, existeix una altra classificaci\u00f3 amb cinc tipus de cookies segons la finalitat per a la qual es tractin les dades obtingudes: cookies t\u00e8cniques, cookies de personalitzaci\u00f3, cookies d&#8217;an\u00e0lisis, cookies publicit\u00e0ries i cookies de publicitat comportamental.<\/p><h2>COOKIES UTILITZADES EN LA WEB:<\/h2><p>A continuaci\u00f3 s&#8217;identifiquen les cookies que estan sent utilitzades en aquest portal aix\u00ed com la seva tipologia i funci\u00f3:<br \/><br \/>TIPUS DE\u00a0COOKIE\u00a0FINALITAT DURADA TERCERS<br \/><br \/><strong>COM MODIFICAR LA CONFIGURACI\u00d3 DE LES COOKIES:<\/strong><br \/><br \/>Vost\u00e8 pot restringir, bloquejar o esborrar les cookies d&#8217;aquest lloc o qualsevol altra p\u00e0gina web, utilitzant el seu navegador. En cada navegador l&#8217;operativa diferent, la funci\u00f3 d&#8217;Ajuda li mostrar\u00e0 com fer-ho.<br \/>\u25cf Internet Explorer: http:\/\/windows.microsoft.com\/es-xl\/internet-explorer\/delete-manage-cookies#ie=\u00bb*ie-10&#8243;<br \/>\u25cf Firefox: https:\/\/support.mozilla.org\/es\/kb\/borrar%20cookies<br \/>\u25cf Chrome: https:\/\/support.google.com\/chrome\/answer\/95647?hl=\u00bb\u00e9s\u00bb<\/p><p><!-- \/wp:paragraph --><\/p>\t\t\t\t\t\t\t\t<\/div>\n\t\t\t\t<\/div>\n\t\t\t\t\t<\/div>\n\t\t\t\t<\/div>\n\t\t\t\t<\/div>\n\t\t","protected":false},"excerpt":{"rendered":"<p>Pol\u00edtica de Cookies INFORMACI\u00d3 DE COOKIES: Les cookies s\u00f3n arxius que es poden descarregar en el seu equip a trav\u00e9s de les p\u00e0gines web. S\u00f3n eines que tenen un paper essencial per a la prestaci\u00f3 de nombrosos serveis de la societat de la informaci\u00f3. Entre altres, permeten a una p\u00e0gina web emmagatzemar i recuperarinformaci\u00f3 sobre [&hellip;]<\/p>\n","protected":false},"author":1,"featured_media":0,"parent":0,"menu_order":0,"comment_status":"closed","ping_status":"closed","template":"","meta":{"inline_featured_image":false,"editor_notices":[],"_joinchat":[],"footnotes":""},"class_list":["post-1623","page","type-page","status-publish","hentry"],"_links":{"self":[{"href":"https:\/\/enfocat-terapiavisual.com\/cat\/wp-json\/wp\/v2\/pages\/1623","targetHints":{"allow":["GET"]}}],"collection":[{"href":"https:\/\/enfocat-terapiavisual.com\/cat\/wp-json\/wp\/v2\/pages"}],"about":[{"href":"https:\/\/enfocat-terapiavisual.com\/cat\/wp-json\/wp\/v2\/types\/page"}],"author":[{"embeddable":true,"href":"https:\/\/enfocat-terapiavisual.com\/cat\/wp-json\/wp\/v2\/users\/1"}],"replies":[{"embeddable":true,"href":"https:\/\/enfocat-terapiavisual.com\/cat\/wp-json\/wp\/v2\/comments?post=1623"}],"version-history":[{"count":7,"href":"https:\/\/enfocat-terapiavisual.com\/cat\/wp-json\/wp\/v2\/pages\/1623\/revisions"}],"predecessor-version":[{"id":1630,"href":"https:\/\/enfocat-terapiavisual.com\/cat\/wp-json\/wp\/v2\/pages\/1623\/revisions\/1630"}],"wp:attachment":[{"href":"https:\/\/enfocat-terapiavisual.com\/cat\/wp-json\/wp\/v2\/media?parent=1623"}],"curies":[{"name":"wp","href":"https:\/\/api.w.org\/{rel}","templated":true}]}}